{"id":434,"date":"2024-08-04T14:38:00","date_gmt":"2024-08-04T11:38:00","guid":{"rendered":"https:\/\/demo195.super5.bg\/?page_id=434"},"modified":"2024-12-20T19:05:08","modified_gmt":"2024-12-20T16:05:08","slug":"politika-za-poveritelnost","status":"publish","type":"page","link":"https:\/\/demo195.super5.bg\/es\/politika-za-poveritelnost\/","title":{"rendered":"Pol\u00edtica de privacidad"},"content":{"rendered":"<div data-elementor-type=\"wp-page\" data-elementor-id=\"434\" class=\"elementor elementor-434\" data-elementor-post-type=\"page\">\n\t\t\t\t<div class=\"elementor-element elementor-element-2b4224aa e-flex e-con-boxed e-con e-parent\" data-id=\"2b4224aa\" data-element_type=\"container\" data-core-v316-plus=\"true\">\n\t\t\t\t\t<div class=\"e-con-inner\">\n\t\t\t\t<div class=\"elementor-element elementor-element-5c01ef06 elementor-widget elementor-widget-heading\" data-id=\"5c01ef06\" data-element_type=\"widget\" data-widget_type=\"heading.default\">\n\t\t\t\t<div class=\"elementor-widget-container\">\n\t\t\t<style>\/*! elementor - v3.20.0 - 26-03-2024 *\/\n.elementor-heading-title{padding:0;margin:0;line-height:1}.elementor-widget-heading .elementor-heading-title[class*=elementor-size-]>a{color:inherit;font-size:inherit;line-height:inherit}.elementor-widget-heading .elementor-heading-title.elementor-size-small{font-size:15px}.elementor-widget-heading .elementor-heading-title.elementor-size-medium{font-size:19px}.elementor-widget-heading .elementor-heading-title.elementor-size-large{font-size:29px}.elementor-widget-heading .elementor-heading-title.elementor-size-xl{font-size:39px}.elementor-widget-heading .elementor-heading-title.elementor-size-xxl{font-size:59px}<\/style><h2 class=\"elementor-heading-title elementor-size-default\">Pol\u00edtica de privacidad<\/h2>\t\t<\/div>\n\t\t\t\t<\/div>\n\t\t\t\t<div class=\"elementor-element elementor-element-2bb87a47 elementor-widget elementor-widget-text-editor\" data-id=\"2bb87a47\" data-element_type=\"widget\" data-widget_type=\"text-editor.default\">\n\t\t\t\t<div class=\"elementor-widget-container\">\n\t\t\t<style>\/*! elementor - v3.20.0 - 26-03-2024 *\/\n.elementor-widget-text-editor.elementor-drop-cap-view-stacked .elementor-drop-cap{background-color:#69727d;color:#fff}.elementor-widget-text-editor.elementor-drop-cap-view-framed .elementor-drop-cap{color:#69727d;border:3px solid;background-color:transparent}.elementor-widget-text-editor:not(.elementor-drop-cap-view-default) .elementor-drop-cap{margin-top:8px}.elementor-widget-text-editor:not(.elementor-drop-cap-view-default) .elementor-drop-cap-letter{width:1em;height:1em}.elementor-widget-text-editor .elementor-drop-cap{float:left;text-align:center;line-height:1;font-size:50px}.elementor-widget-text-editor .elementor-drop-cap-letter{display:inline-block}<\/style>\t\t\t\t<p><strong>1. 1. Recogida de datos<\/strong><\/p>\n<p>Los datos personales proporcionados por el cliente a la Empresa, y cualquier documentaci\u00f3n que surja como resultado de la apertura o mantenimiento de una cuenta del cliente con la Empresa, ser\u00e1n utilizados por la Empresa para los siguientes fines: (a) actividades relacionadas con la tramitaci\u00f3n de la solicitud del cliente para abrir y mantener la cuenta, incluyendo, pero no limitado a, la realizaci\u00f3n de verificaciones de cr\u00e9dito a trav\u00e9s de agencias de cr\u00e9dito en Bulgaria y en el extranjero o la tramitaci\u00f3n de la solicitud del cliente de cr\u00e9dito o facilidades de margen de la Empresa, y para<\/p>\n<p><strong>2. Obligaci\u00f3n de facilitar datos personales<\/strong><\/p>\n<p>2.1 Es obligatorio que el Cliente facilite los datos personales requeridos por la Empresa. Si el Cliente no facilita los datos personales requeridos, la Empresa podr\u00e1 negarse a abrir o mantener la Cuenta o negarse a prestar servicios al Cliente.<br \/>2.2 Cuando facilite datos personales a la Empresa, aseg\u00farese de que los datos son exactos, teniendo en cuenta las obligaciones del cliente en virtud de la ley.<\/p>\n<p><strong>3. 3. Divulgaci\u00f3n de informaci\u00f3n<\/strong><\/p>\n<p>3.1 La Sociedad podr\u00e1, cuando lo considere necesario, revelar a sus agentes o representantes, afiliados, personas o empresas dedicadas a la compensaci\u00f3n de valores, futuros y opciones, y a los auditores de la Sociedad, la informaci\u00f3n necesaria para operar la cuenta del Cliente o ejecutar las \u00f3rdenes del Cliente relacionadas con las actividades descritas en el p\u00e1rrafo 1(b) anterior. 3.2 De conformidad con todas las leyes y reglamentos promulgados y vigentes en este pa\u00eds en relaci\u00f3n con el negocio y las transacciones de valores, y de conformidad con los c\u00f3digos de la Comisi\u00f3n de Supervisi\u00f3n Financiera, las normas y reglamentos de la Bolsa y de la C\u00e1mara de Compensaci\u00f3n, los datos personales facilitados por el Cliente podr\u00e1n ser revelados a la Bolsa y a la C\u00e1mara de Compensaci\u00f3n y a cualquier regulador financiero, autoridad gubernamental, otra autoridad reguladora, persona f\u00edsica o jur\u00eddica con derecho a dicho acceso en virtud de la ley. 3.3 La Empresa est\u00e1 autorizada a utilizar la informaci\u00f3n proporcionada en relaci\u00f3n con la Cuenta para fines de marketing, incluido el intercambio de informaci\u00f3n no financiera con socios comerciales seleccionados. En caso de impago de la Cuenta, la Empresa est\u00e1 autorizada a revelar la informaci\u00f3n de la Cuenta a terceros con fines de cobro. La Empresa est\u00e1 autorizada a revelar informaci\u00f3n de la Cuenta a un posible comprador con fines de diligencia debida en relaci\u00f3n con una fusi\u00f3n o adquisici\u00f3n.<\/p>\n<p><strong>4. Acceso a los datos personales<\/strong><\/p>\n<ol start=\"4\">\n<li>De conformidad con la ley, el cliente puede solicitar el acceso a los datos personales facilitados por \u00e9l y puede pedir a la Empresa que corrija cualquier informaci\u00f3n inexacta. La Empresa tiene derecho a cobrar una tarifa razonable por tramitar cualquier solicitud de acceso a los datos.<\/li>\n<\/ol>\t\t\t\t\t\t<\/div>\n\t\t\t\t<\/div>\n\t\t\t\t\t<\/div>\n\t\t\t\t<\/div>\n\t\t\t\t<\/div>","protected":false},"excerpt":{"rendered":"<p>1. \u0421\u044a\u0431\u0438\u0440\u0430\u043d\u0435 \u043d\u0430 \u0434\u0430\u043d\u043d\u0438 \u041b\u0438\u0447\u043d\u0438\u0442\u0435 \u0434\u0430\u043d\u043d\u0438, \u043f\u0440\u0435\u0434\u043e\u0441\u0442\u0430\u0432\u0435\u043d\u0438 \u043e\u0442 \u043a\u043b\u0438\u0435\u043d\u0442\u0430 \u043d\u0430 \u0414\u0440\u0443\u0436\u0435\u0441\u0442\u0432\u043e\u0442\u043e, \u043a\u0430\u043a\u0442\u043e \u0438 \u0432\u0441\u044f\u043a\u0430 \u0434\u043e\u043a\u0443\u043c\u0435\u043d\u0442\u0430\u0446\u0438\u044f, \u043a\u043e\u044f\u0442\u043e \u0432\u044a\u0437\u043d\u0438\u043a\u0432\u0430 \u0432 \u0440\u0435\u0437\u0443\u043b\u0442\u0430\u0442 \u043d\u0430 \u043e\u0442\u043a\u0440\u0438\u0432\u0430\u043d\u0435 \u0438\u043b\u0438 \u043f\u043e\u0434\u0434\u044a\u0440\u0436\u0430\u043d\u0435 \u043d\u0430 \u0441\u043c\u0435\u0442\u043a\u0430\u0442\u0430 \u043d\u0430 \u043a\u043b\u0438\u0435\u043d\u0442\u0430 \u043f\u0440\u0438 \u0414\u0440\u0443\u0436\u0435\u0441\u0442\u0432\u043e\u0442\u043e, \u0449\u0435 \u0431\u044a\u0434\u0430\u0442 \u0438\u0437\u043f\u043e\u043b\u0437\u0432\u0430\u043d\u0438 \u043e\u0442 \u0414\u0440\u0443\u0436\u0435\u0441\u0442\u0432\u043e\u0442\u043e \u0437\u0430 \u0441\u043b\u0435\u0434\u043d\u0438\u0442\u0435 \u0446\u0435\u043b\u0438: (a) \u0434\u0435\u0439\u043d\u043e\u0441\u0442\u0438, \u0441\u0432\u044a\u0440\u0437\u0430\u043d\u0438 \u0441 \u043e\u0431\u0440\u0430\u0431\u043e\u0442\u043a\u0430\u0442\u0430 \u043d\u0430 \u0437\u0430\u044f\u0432\u043b\u0435\u043d\u0438\u0435\u0442\u043e \u043d\u0430 \u043a\u043b\u0438\u0435\u043d\u0442\u0430 \u0437\u0430 \u043e\u0442\u043a\u0440\u0438\u0432\u0430\u043d\u0435 \u0438 \u043f\u043e\u0434\u0434\u044a\u0440\u0436\u0430\u043d\u0435 \u043d\u0430 \u0441\u043c\u0435\u0442\u043a\u0430\u0442\u0430, \u0432\u043a\u043b\u044e\u0447\u0438\u0442\u0435\u043b\u043d\u043e, \u043d\u043e \u043d\u0435 [&hellip;]<\/p>","protected":false},"author":1,"featured_media":0,"parent":0,"menu_order":0,"comment_status":"closed","ping_status":"closed","template":"","meta":{"footnotes":""},"aioseo_notices":[],"_links":{"self":[{"href":"https:\/\/demo195.super5.bg\/es\/wp-json\/wp\/v2\/pages\/434"}],"collection":[{"href":"https:\/\/demo195.super5.bg\/es\/wp-json\/wp\/v2\/pages"}],"about":[{"href":"https:\/\/demo195.super5.bg\/es\/wp-json\/wp\/v2\/types\/page"}],"author":[{"embeddable":true,"href":"https:\/\/demo195.super5.bg\/es\/wp-json\/wp\/v2\/users\/1"}],"replies":[{"embeddable":true,"href":"https:\/\/demo195.super5.bg\/es\/wp-json\/wp\/v2\/comments?post=434"}],"version-history":[{"count":4,"href":"https:\/\/demo195.super5.bg\/es\/wp-json\/wp\/v2\/pages\/434\/revisions"}],"predecessor-version":[{"id":492,"href":"https:\/\/demo195.super5.bg\/es\/wp-json\/wp\/v2\/pages\/434\/revisions\/492"}],"wp:attachment":[{"href":"https:\/\/demo195.super5.bg\/es\/wp-json\/wp\/v2\/media?parent=434"}],"curies":[{"name":"wp","href":"https:\/\/api.w.org\/{rel}","templated":true}]}}